{"id":36,"date":"2024-07-17T23:08:57","date_gmt":"2024-07-18T03:08:57","guid":{"rendered":"https:\/\/azti.ca\/index.php\/colibri-wp\/"},"modified":"2024-07-18T00:29:39","modified_gmt":"2024-07-18T04:29:39","slug":"colibri-wp","status":"publish","type":"page","link":"https:\/\/azti.ca\/","title":{"rendered":"AZTI SERVICES CONSEILS"},"content":{"rendered":"<div data-colibri-id=\"36-c1\" class=\"style-191 style-local-36-c1 position-relative\">\r\n  <!---->\r\n  <div data-colibri-component=\"section\" data-colibri-id=\"36-c24\" id=\"features\" class=\"h-section h-section-global-spacing d-flex align-items-lg-center align-items-md-center align-items-center style-208 style-local-36-c24 position-relative\">\r\n    <!---->\r\n    <!---->\r\n    <div class=\"h-section-grid-container h-section-boxed-container\">\r\n      <div data-colibri-id=\"36-c62\" class=\"h-row-container gutters-row-lg-0 gutters-row-md-0 gutters-row-2 gutters-row-v-lg-2 gutters-row-v-md-2 gutters-row-v-2 style-223 style-local-36-c62 position-relative\">\r\n        <!---->\r\n        <div class=\"h-row justify-content-lg-center justify-content-md-center justify-content-center align-items-lg-stretch align-items-md-stretch align-items-stretch gutters-col-lg-0 gutters-col-md-0 gutters-col-2 gutters-col-v-lg-2 gutters-col-v-md-2 gutters-col-v-2\">\r\n          <!---->\r\n          <div class=\"h-column h-column-container d-flex h-col-lg-auto h-col-md-auto h-col-auto style-224-outer style-local-36-c63-outer\">\r\n            <div data-colibri-id=\"36-c63\" class=\"d-flex h-flex-basis h-column__inner h-px-lg-2 h-px-md-2 h-px-2 v-inner-lg-2 v-inner-md-2 v-inner-2 style-224 style-local-36-c63 position-relative\">\r\n              <!---->\r\n              <!---->\r\n              <div class=\"w-100 h-y-container h-column__content h-column__v-align flex-basis-100 align-self-lg-start align-self-md-start align-self-start\">\r\n                <!---->\r\n                <div data-colibri-id=\"36-c64\" class=\"h-global-transition-all h-heading style-225 style-local-36-c64 position-relative h-element\">\r\n                  <!---->\r\n                  <div class=\"h-heading__outer style-225 style-local-36-c64\">\r\n                    <!---->\r\n                    <!---->\r\n                    <h3 class=\"\">Expertise chez AZTI services conseils<\/h3>\r\n                  <\/div>\r\n                <\/div>\r\n              <\/div>\r\n            <\/div>\r\n          <\/div>\r\n          <div class=\"h-column h-column-container d-flex h-col-lg-auto h-col-md-auto h-col-auto style-227-outer style-local-36-c66-outer\">\r\n            <div data-colibri-id=\"36-c66\" class=\"d-flex h-flex-basis h-column__inner h-px-lg-2 h-px-md-2 h-px-2 v-inner-lg-2 v-inner-md-2 v-inner-2 style-227 style-local-36-c66 position-relative\">\r\n              <!---->\r\n              <!---->\r\n              <div class=\"w-100 h-y-container h-column__content h-column__v-align flex-basis-100 align-self-lg-start align-self-md-start align-self-start\">\r\n                <!---->\r\n                <div data-colibri-id=\"36-c67\" class=\"h-lead h-text h-text-component style-228 style-local-36-c67 position-relative h-element\">\r\n                  <!---->\r\n                  <!---->\r\n                  <div class=\"\">\r\n                    <p><span style=\"font-weight: 300; font-size: 20px; font-family: Lato; color: rgb(19, 21, 22);\">AZTI cumule plus de 20 ans d&rsquo;exp\u00e9rience en architecture technologique, incluant&nbsp;plus de 10 ans avec la technologie infonuagique Microsoft Azure. AZTI peut effectuer des projets au niveau de l&rsquo;analyse initiale des besoins, de l&rsquo;architecture technologique, de la planification des d\u00e9ploiements, de la mise en place d&rsquo;une surveillance proactive, de&nbsp;l&rsquo;exploitation des environnements infonuagique et bien plus. Voici un aper\u00e7u des offres de AZTI<\/span><\/p>\r\n                  <\/div>\r\n                <\/div>\r\n              <\/div>\r\n            <\/div>\r\n          <\/div>\r\n        <\/div>\r\n      <\/div>\r\n      <div data-colibri-id=\"36-c25\" class=\"h-row-container gutters-row-lg-2 gutters-row-md-2 gutters-row-2 gutters-row-v-lg-2 gutters-row-v-md-2 gutters-row-v-2 style-209 style-local-36-c25 position-relative\">\r\n        <!---->\r\n        <div class=\"h-row justify-content-lg-center justify-content-md-start justify-content-center align-items-lg-stretch align-items-md-stretch align-items-stretch gutters-col-lg-2 gutters-col-md-2 gutters-col-2 gutters-col-v-lg-2 gutters-col-v-md-2 gutters-col-v-2\">\r\n          <!---->\r\n          <div class=\"h-column h-column-container d-flex h-col-lg-6 h-col-md-6 h-col-12 style-210-outer style-local-36-c26-outer\">\r\n            <div data-colibri-id=\"36-c26\" class=\"d-flex h-flex-basis h-column__inner h-px-lg-3 h-px-md-3 h-px-3 v-inner-lg-3 v-inner-md-3 v-inner-3 style-210 style-local-36-c26 position-relative\">\r\n              <!---->\r\n              <!---->\r\n              <div class=\"w-100 h-y-container h-column__content h-column__v-align flex-basis-100 align-self-lg-center align-self-md-center align-self-center\">\r\n                <!---->\r\n                <div data-colibri-id=\"36-c27\" class=\"h-global-transition-all h-heading style-211 style-local-36-c27 position-relative h-element\">\r\n                  <!---->\r\n                  <div class=\"h-heading__outer style-211 style-local-36-c27\">\r\n                    <!---->\r\n                    <!---->\r\n                    <h5 class=\"\">1.<\/h5>\r\n                  <\/div>\r\n                <\/div>\r\n                <div data-colibri-id=\"36-c28\" class=\"h-global-transition-all h-heading style-212 style-local-36-c28 position-relative h-element\">\r\n                  <!---->\r\n                  <div class=\"h-heading__outer style-212 style-local-36-c28\">\r\n                    <!---->\r\n                    <!---->\r\n                    <h4 class=\"\">Avez-vous perdu le contr\u00f4le des co\u00fbts infonuagique ?<\/h4>\r\n                  <\/div>\r\n                <\/div>\r\n                <div data-colibri-id=\"36-c29\" class=\"h-text h-text-component style-213 style-local-36-c29 position-relative h-element\">\r\n                  <!---->\r\n                  <!---->\r\n                  <div class=\"\">\r\n                    <p><span style=\"font-weight: 400; font-size: 16px; font-family: Lato; color: rgb(58, 97, 107);\">Si oui, cette offre est pour vous ! Inclus une r\u00e9union de d\u00e9part, l&rsquo;analyse des factures Microsoft, l&rsquo;analyse via le portail \u00ab\u00a0Cost Management\u00a0\u00bb, l&rsquo;analyse des documents d&rsquo;architecture actuels et cibles, la r\u00e9daction d&rsquo;un rapport incluant des recommandations d&rsquo;optimisation<\/span><\/p>\r\n                  <\/div>\r\n                <\/div>\r\n              <\/div>\r\n            <\/div>\r\n          <\/div>\r\n          <div class=\"h-column h-column-container d-flex h-col-lg-6 h-col-md-6 h-col-12 style-216-outer style-local-36-c44-outer\">\r\n            <div data-colibri-id=\"36-c44\" class=\"d-flex h-flex-basis h-column__inner h-px-lg-3 h-px-md-3 h-px-2 v-inner-lg-3 v-inner-md-3 v-inner-2 style-216 style-local-36-c44 position-relative\">\r\n              <!---->\r\n              <!---->\r\n              <div class=\"w-100 h-y-container h-column__content h-column__v-align flex-basis-100 align-self-lg-center align-self-md-center align-self-center\">\r\n                <!---->\r\n                <div data-colibri-id=\"36-c45\" class=\"h-global-transition-all h-heading style-217 style-local-36-c45 position-relative h-element\">\r\n                  <!---->\r\n                  <div class=\"h-heading__outer style-217 style-local-36-c45\">\r\n                    <!---->\r\n                    <!---->\r\n                    <h5 class=\"\">2.<\/h5>\r\n                  <\/div>\r\n                <\/div>\r\n                <div data-colibri-id=\"36-c46\" class=\"h-global-transition-all h-heading style-212 style-local-36-c46 position-relative h-element\">\r\n                  <!---->\r\n                  <div class=\"h-heading__outer style-212 style-local-36-c46\">\r\n                    <!---->\r\n                    <!---->\r\n                    <h4 class=\"\">Services d&rsquo;architecture infonuagique<\/h4>\r\n                  <\/div>\r\n                <\/div>\r\n                <div data-colibri-id=\"36-c47\" class=\"h-text h-text-component style-221 style-local-36-c47 position-relative h-element\">\r\n                  <!---->\r\n                  <!---->\r\n                  <div class=\"\">\r\n                    <p>10 sc\u00e9ances de 1\/2 journ\u00e9e<\/p>\r\n                    <p>Comprend l&rsquo;analyse des besoins d&rsquo;affaire, l&rsquo;analyse des documents, une proposition des cibles potentielles, la cr\u00e9ation de documents et de diagrammes, une preuve de concept PoC au besoin<\/p>\r\n                  <\/div>\r\n                <\/div>\r\n              <\/div>\r\n            <\/div>\r\n          <\/div>\r\n          <div class=\"h-column h-column-container d-flex h-col-lg-6 h-col-md-6 h-col-12 style-216-outer style-local-36-c50-outer\">\r\n            <div data-colibri-id=\"36-c50\" class=\"d-flex h-flex-basis h-column__inner h-px-lg-3 h-px-md-3 h-px-2 v-inner-lg-3 v-inner-md-3 v-inner-2 style-216 style-local-36-c50 position-relative\">\r\n              <!---->\r\n              <!---->\r\n              <div class=\"w-100 h-y-container h-column__content h-column__v-align flex-basis-100 align-self-lg-center align-self-md-center align-self-center\">\r\n                <!---->\r\n                <div data-colibri-id=\"36-c51\" class=\"h-global-transition-all h-heading style-217 style-local-36-c51 position-relative h-element\">\r\n                  <!---->\r\n                  <div class=\"h-heading__outer style-217 style-local-36-c51\">\r\n                    <!---->\r\n                    <!---->\r\n                    <h5 class=\"\">3.<\/h5>\r\n                  <\/div>\r\n                <\/div>\r\n                <div data-colibri-id=\"36-c52\" class=\"h-global-transition-all h-heading style-212 style-local-36-c52 position-relative h-element\">\r\n                  <!---->\r\n                  <div class=\"h-heading__outer style-212 style-local-36-c52\">\r\n                    <!---->\r\n                    <!---->\r\n                    <h4 class=\"\">Accompagnement stat\u00e9gique<\/h4>\r\n                  <\/div>\r\n                <\/div>\r\n                <div data-colibri-id=\"36-c53\" class=\"h-text h-text-component style-221 style-local-36-c53 position-relative h-element\">\r\n                  <!---->\r\n                  <!---->\r\n                  <div class=\"\">\r\n                    <p><span style=\"color: rgb(58, 97, 107); font-family: Lato; font-size: 16px; font-weight: 400;\">5 sc\u00e9ances de 1\/2 journ\u00e9e<\/span><\/p>\r\n                    <p><span style=\"color: rgb(58, 97, 107); font-family: Lato; font-size: 16px; font-weight: 400;\">Comprend des rencontres strat\u00e9giques sur les objectifs vis\u00e9s, des discussions sur les diff\u00e9rentes cibles potentielles, une analyse de faisabilit\u00e9, et une liste&nbsp;de recommandations<\/span><\/p>\r\n                  <\/div>\r\n                <\/div>\r\n              <\/div>\r\n            <\/div>\r\n          <\/div>\r\n          <div class=\"h-column h-column-container d-flex h-col-lg-6 h-col-md-6 h-col-12 style-216-outer style-local-36-c56-outer\">\r\n            <div data-colibri-id=\"36-c56\" class=\"d-flex h-flex-basis h-column__inner h-px-lg-3 h-px-md-3 h-px-2 v-inner-lg-3 v-inner-md-3 v-inner-2 style-216 style-local-36-c56 position-relative\">\r\n              <!---->\r\n              <!---->\r\n              <div class=\"w-100 h-y-container h-column__content h-column__v-align flex-basis-100 align-self-lg-center align-self-md-center align-self-center\">\r\n                <!---->\r\n                <div data-colibri-id=\"36-c57\" class=\"h-global-transition-all h-heading style-217 style-local-36-c57 position-relative h-element\">\r\n                  <!---->\r\n                  <div class=\"h-heading__outer style-217 style-local-36-c57\">\r\n                    <!---->\r\n                    <!---->\r\n                    <h5 class=\"\">4.<\/h5>\r\n                  <\/div>\r\n                <\/div>\r\n                <div data-colibri-id=\"36-c58\" class=\"h-global-transition-all h-heading style-212 style-local-36-c58 position-relative h-element\">\r\n                  <!---->\r\n                  <div class=\"h-heading__outer style-212 style-local-36-c58\">\r\n                    <!---->\r\n                    <!---->\r\n                    <h4 class=\"\">Gestion de la s\u00e9curit\u00e9 infonuagique <\/h4>\r\n                  <\/div>\r\n                <\/div>\r\n                <div data-colibri-id=\"36-c59\" class=\"h-text h-text-component style-221 style-local-36-c59 position-relative h-element\">\r\n                  <!---->\r\n                  <!---->\r\n                  <div class=\"\">\r\n                    <p><span style=\"color: rgb(58, 97, 107); font-family: Lato; font-size: 16px; font-weight: 400;\">5 sc\u00e9ances de 1\/2 journ\u00e9e<\/span><\/p>\r\n                    <p><span style=\"color: rgb(58, 97, 107); font-family: Lato; font-size: 16px; font-weight: 400;\">Analyse des environnements infonuagique, s\u00e9lection des strat\u00e9gies&nbsp;de s\u00e9curit\u00e9 les mieux adapt\u00e9es au contexte, mise en place d&rsquo;un tableau de bord&nbsp;\u00e0 l&rsquo;aide de l&rsquo;outil \u00ab\u00a0<\/span>Defender\r\n                      pour le cloud\u00a0\u00bb<\/p>\r\n                  <\/div>\r\n                <\/div>\r\n              <\/div>\r\n            <\/div>\r\n          <\/div>\r\n        <\/div>\r\n      <\/div>\r\n    <\/div>\r\n  <\/div>\r\n  <div data-colibri-component=\"section\" data-colibri-id=\"36-c255\" id=\"custom\" class=\"h-section h-section-global-spacing d-flex align-items-lg-center align-items-md-center align-items-center style-367 style-local-36-c255 position-relative\">\r\n    <!---->\r\n    <!---->\r\n    <div class=\"h-section-grid-container h-section-boxed-container\">\r\n      <!---->\r\n      <div data-colibri-id=\"36-c256\" class=\"h-row-container gutters-row-lg-0 gutters-row-md-0 gutters-row-0 gutters-row-v-lg-0 gutters-row-v-md-0 gutters-row-v-0 style-368 style-local-36-c256 position-relative\">\r\n        <!---->\r\n        <div class=\"h-row justify-content-lg-center justify-content-md-center justify-content-center align-items-lg-stretch align-items-md-stretch align-items-stretch gutters-col-lg-0 gutters-col-md-0 gutters-col-0 gutters-col-v-lg-0 gutters-col-v-md-0 gutters-col-v-0\">\r\n          <!---->\r\n          <div class=\"h-column h-column-container d-flex h-col-lg-6 h-col-md-6 h-col-12 style-369-outer style-local-36-c257-outer\">\r\n            <div data-colibri-id=\"36-c257\" class=\"d-flex h-flex-basis h-column__inner h-px-lg-2 h-px-md-2 h-px-2 v-inner-lg-2 v-inner-md-2 v-inner-2 style-369 style-local-36-c257 position-relative\">\r\n              <!---->\r\n              <!---->\r\n              <div class=\"w-100 h-y-container h-column__content h-column__v-align flex-basis-100 align-self-lg-start align-self-md-start align-self-start\">\r\n                <!---->\r\n                <div data-colibri-id=\"36-c263\" class=\"h-text h-text-component style-374 style-local-36-c263 position-relative h-element\">\r\n                  <!---->\r\n                  <!---->\r\n                  <div class=\"\">\r\n                    <p>\r\n                      <br>\r\n                    <\/p>\r\n                    <p>info@azti.ca<\/p>\r\n                    <p>450-262-0127<\/p>\r\n                  <\/div>\r\n                <\/div>\r\n              <\/div>\r\n            <\/div>\r\n          <\/div>\r\n          <div class=\"h-column h-column-container d-flex h-col-lg-6 h-col-md-6 h-col-12 style-370-outer style-local-36-c258-outer\">\r\n            <div data-colibri-id=\"36-c258\" class=\"d-flex h-flex-basis h-column__inner h-px-lg-2 h-px-md-2 h-px-2 v-inner-lg-2 v-inner-md-2 v-inner-2 style-370 style-local-36-c258 position-relative\">\r\n              <!---->\r\n              <!---->\r\n              <div class=\"w-100 h-y-container h-column__content h-column__v-align flex-basis-100 align-self-lg-start align-self-md-start align-self-start\">\r\n                <!---->\r\n                <div data-colibri-id=\"36-c264\" class=\"d-block style-375 style-local-36-c264 position-relative h-element\">\r\n                  <!---->\r\n                  <div class=\"h-image__frame-container-outer\">\r\n                    <div class=\"h-image__frame-container\">\r\n                      <!---->\r\n                      <!---->\r\n                      <img loading=\"lazy\" decoding=\"async\" width=\"1722\" height=\"680\" src=\"http:\/\/azti.ca\/wp-content\/uploads\/2024\/07\/cropped-CarteAffaire_Version1_Sanstexte-1.jpg\" class=\"wp-image-56 style-375-image style-local-36-c264-image\" alt=\"\" srcset=\"https:\/\/azti.ca\/wp-content\/uploads\/2024\/07\/cropped-CarteAffaire_Version1_Sanstexte-1.jpg 1722w, https:\/\/azti.ca\/wp-content\/uploads\/2024\/07\/cropped-CarteAffaire_Version1_Sanstexte-1-300x118.jpg 300w, https:\/\/azti.ca\/wp-content\/uploads\/2024\/07\/cropped-CarteAffaire_Version1_Sanstexte-1-1024x404.jpg 1024w, https:\/\/azti.ca\/wp-content\/uploads\/2024\/07\/cropped-CarteAffaire_Version1_Sanstexte-1-768x303.jpg 768w, https:\/\/azti.ca\/wp-content\/uploads\/2024\/07\/cropped-CarteAffaire_Version1_Sanstexte-1-1536x607.jpg 1536w\" sizes=\"auto, (max-width: 1722px) 100vw, 1722px\" \/>\r\n                      <div class=\"h-image__frame h-hide-lg h-hide-md h-hide-sm style-375-frameImage style-local-36-c264-frameImage\"><\/div>\r\n                    <\/div>\r\n                  <\/div>\r\n                <\/div>\r\n              <\/div>\r\n            <\/div>\r\n          <\/div>\r\n        <\/div>\r\n      <\/div>\r\n    <\/div>\r\n  <\/div>\r\n<\/div>","protected":false},"excerpt":{"rendered":"<p>Expertise chez AZTI services conseils AZTI cumule plus de 20 ans d&rsquo;exp\u00e9rience en architecture technologique, incluant&nbsp;plus de 10 ans avec la technologie infonuagique Microsoft Azure. AZTI peut effectuer des projets au niveau de l&rsquo;analyse initiale des besoins, de l&rsquo;architecture technologique, de la planification des d\u00e9ploiements, de la mise en place d&rsquo;une surveillance proactive, de&nbsp;l&rsquo;exploitation des [&hellip;]<\/p>\n","protected":false},"author":1,"featured_media":0,"parent":0,"menu_order":0,"comment_status":"closed","ping_status":"closed","template":"page-templates\/homepage.php","meta":{"footnotes":""},"class_list":["post-36","page","type-page","status-publish","hentry"],"_links":{"self":[{"href":"https:\/\/azti.ca\/index.php\/wp-json\/wp\/v2\/pages\/36","targetHints":{"allow":["GET"]}}],"collection":[{"href":"https:\/\/azti.ca\/index.php\/wp-json\/wp\/v2\/pages"}],"about":[{"href":"https:\/\/azti.ca\/index.php\/wp-json\/wp\/v2\/types\/page"}],"author":[{"embeddable":true,"href":"https:\/\/azti.ca\/index.php\/wp-json\/wp\/v2\/users\/1"}],"replies":[{"embeddable":true,"href":"https:\/\/azti.ca\/index.php\/wp-json\/wp\/v2\/comments?post=36"}],"version-history":[{"count":4,"href":"https:\/\/azti.ca\/index.php\/wp-json\/wp\/v2\/pages\/36\/revisions"}],"predecessor-version":[{"id":75,"href":"https:\/\/azti.ca\/index.php\/wp-json\/wp\/v2\/pages\/36\/revisions\/75"}],"wp:attachment":[{"href":"https:\/\/azti.ca\/index.php\/wp-json\/wp\/v2\/media?parent=36"}],"curies":[{"name":"wp","href":"https:\/\/api.w.org\/{rel}","templated":true}]}}